{"id":11039,"date":"2022-10-26T16:32:49","date_gmt":"2022-10-26T20:32:49","guid":{"rendered":"https:\/\/www.lanoixderable.com\/terms-of-use\/"},"modified":"2025-06-25T07:36:21","modified_gmt":"2025-06-25T11:36:21","slug":"terms-of-use","status":"publish","type":"page","link":"https:\/\/www.lanoixderable.com\/en\/terms-of-use\/","title":{"rendered":"Terms of Use"},"content":{"rendered":"\t\t<div data-elementor-type=\"wp-page\" data-elementor-id=\"11039\" class=\"elementor elementor-11039 elementor-4199\" data-elementor-post-type=\"page\">\n\t\t\t\t\t\t<section data-particle_enable=\"false\" data-particle-mobile-disabled=\"false\" class=\"elementor-section elementor-top-section elementor-element elementor-element-b830394 elementor-section-boxed elementor-section-height-default elementor-section-height-default\" data-id=\"b830394\" data-element_type=\"section\">\n\t\t\t\t\t\t<div class=\"elementor-container elementor-column-gap-default\">\n\t\t\t\t\t<div class=\"elementor-column elementor-col-100 elementor-top-column elementor-element elementor-element-e55a346\" data-id=\"e55a346\" data-element_type=\"column\">\n\t\t\t<div class=\"elementor-widget-wrap elementor-element-populated\">\n\t\t\t\t\t\t<div class=\"elementor-element elementor-element-14bbf6a elementor-widget elementor-widget-text-editor\" data-id=\"14bbf6a\" data-element_type=\"widget\" data-widget_type=\"text-editor.default\">\n\t\t\t\t<div class=\"elementor-widget-container\">\n\t\t\t\t\t\t\t\t\t<h1>TERMS OF USE<\/h1><p><strong style=\"font-weight: 500;\">PLEASE READ THESE TERMS AND CONDITIONS BEFORE USING THIS WEBSITE. IF YOU DO NOT ACCEPT THESE TERMS, PLEASE DO NOT USE THIS SITE. <\/strong><\/p><p><br><strong style=\"font-weight: 500;\">General<\/strong><br><br>Despite all the attention given by \u00c9rabli\u00e8re Klara Tardif S.E.N.C., hereinafter referred to as La Noix d&#8217;\u00c9rable, when displaying information on this website (&#8220;site&#8221;), La Noix d&#8217;\u00c9rable assumes no responsibility for the accuracy of the information. The use of this information is at the user&#8217;s own risk. By providing information, La Noix d&#8217;\u00c9rable does not grant any license to copyrights, patents, or other intellectual property rights. If the terms of use are not respected, the permission granted to the user for the use of this site will immediately end and all downloaded or printed documents must be immediately destroyed.   <br><br><strong style=\"font-weight: 500;\">Use of Site Content<\/strong><br><br>The images, texts, and documents (\u201ccontent\u201d) on this site may be viewed and downloaded only for personal non-commercial purposes, provided that the user preserves all copyright and proprietary notices in the content. The content may not be modified in any way, reproduced, publicly displayed, distributed, or otherwise used for public or commercial purposes. The use of the content without the written permission of La Noix d \u201c\u00c9rable on another website or in a networked computer environment, for any purpose, is prohibited. La Noix d\u201d \u00c9rable is the owner or authorized user of all the content on this site. The content is protected by copyright and\/or trademark laws and any unauthorized use of the content may violate copyright, trademark, and other laws.    <br><br><strong style=\"font-weight: 500;\">Trademarks<\/strong><br><br>The trademarks, logos, and service marks of La Noix d&#8217;\u00c9rable, displayed on this site and all elements are trademarks of La Noix d&#8217;\u00c9rable. Nothing on this site should be construed as granting, by implication, estoppel, or otherwise, a license or right to use the trademarks without the written permission of La Noix d&#8217;\u00c9rable or the third party that may own the trademark in question. <br><br><strong style=\"font-weight: 500;\">Disclaimer<\/strong><br><br>ALL INFORMATION ON THE SITE ABOUT LA NOIX D \u201c\u00c9RABLE&#8217;S PRODUCTS AND SERVICES, INCLUDING THEIR AVAILABILITY, APPEARANCE, PRICES, AND SPECIFICATIONS, MAY CHANGE WITHOUT NOTICE. THE INFORMATION ON THIS SITE DOES NOT CONSTITUTE A REPRESENTATION, WARRANTY, OR OTHER PROMISE BY LA NOIX D\u201d \u00c9RABLE REGARDING ANY PRODUCTS OR SERVICES. LA NOIX D \u201c\u00c9RABLE HEREBY DISCLAIMS ALL EXPRESS OR IMPLIED WARRANTIES, INCLUDING WARRANTIES OF MERCHANTABILITY, FITNESS FOR A PARTICULAR PURPOSE, NON-INFRINGEMENT OF INTELLECTUAL PROPERTY, OR INTEGRITY OF INFORMATION. LA NOIX D\u201d \u00c9RABLE&#8217;S OBLIGATIONS, IF ANY, WITH REGARD TO ITS PRODUCTS AND SERVICES ARE GOVERNED SOLELY BY THE AGREEMENTS UNDER WHICH THEY WERE PROVIDED AND NOT BY THIS SITE.   <br><br><strong style=\"font-weight: 500;\">Links to Other Websites<\/strong><br><br>Links to other websites are provided solely for convenience. La Noix d&#8217;\u00c9rable does not endorse these websites and is not responsible for their content. The use of websites linked to this site is done solely at the user&#8217;s own risk.  <br><br><strong style=\"font-weight: 500;\">Limitation of Liability<\/strong><br><br>IN NO EVENT SHALL LA NOIX D \u201c\u00c9RABLE, ITS SUBSIDIARIES, SUPPLIERS AND\/OR LICENSORS BE LIABLE FOR SPECIAL, PUNITIVE, INDIRECT OR CONSEQUENTIAL DAMAGES OR ANY OTHER DAMAGES WHATSOEVER (INCLUDING, WITHOUT LIMITATION, THOSE RESULTING FROM LOSS OF PROFITS, LOSS OF DATA OR BUSINESS INTERRUPTION) ARISING OUT OF THE USE OR INABILITY TO USE THIS SITE OR THE LINKS ON THIS SITE, WHETHER BASED ON WARRANTY, CONTRACT, NEGLIGENCE OR ANY OTHER LEGAL THEORY, WHETHER OR NOT LA NOIX D\u201d \u00c9RABLE HAS BEEN ADVISED OF THE POSSIBILITY OF SUCH DAMAGES.<\/p>\t\t\t\t\t\t\t\t<\/div>\n\t\t\t\t<\/div>\n\t\t\t\t\t<\/div>\n\t\t<\/div>\n\t\t\t\t\t<\/div>\n\t\t<\/section>\n\t\t\t\t<\/div>\n\t\t","protected":false},"excerpt":{"rendered":"<p>TERMS OF USE PLEASE READ THESE TERMS AND CONDITIONS BEFORE USING THIS WEBSITE. IF YOU DO NOT ACCEPT THESE TERMS, PLEASE DO NOT USE THIS SITE. General Despite all the attention given by \u00c9rabli\u00e8re Klara Tardif S.E.N.C., hereinafter referred to as La Noix d&#8217;\u00c9rable, when displaying information on this website (&#8220;site&#8221;), La Noix d&#8217;\u00c9rable assumes [&hellip;]<\/p>\n","protected":false},"author":2,"featured_media":0,"parent":0,"menu_order":10,"comment_status":"closed","ping_status":"closed","template":"","meta":{"_acf_changed":false,"site-sidebar-layout":"no-sidebar","site-content-layout":"page-builder","ast-site-content-layout":"default","site-content-style":"default","site-sidebar-style":"default","ast-global-header-display":"","ast-banner-title-visibility":"","ast-main-header-display":"","ast-hfb-above-header-display":"","ast-hfb-below-header-display":"","ast-hfb-mobile-header-display":"","site-post-title":"disabled","ast-breadcrumbs-content":"","ast-featured-img":"disabled","footer-sml-layout":"","ast-disable-related-posts":"","theme-transparent-header-meta":"","adv-header-id-meta":"","stick-header-meta":"","header-above-stick-meta":"","header-main-stick-meta":"","header-below-stick-meta":"","astra-migrate-meta-layouts":"default","ast-page-background-enabled":"default","ast-page-background-meta":{"desktop":{"background-color":"","background-image":"","background-repeat":"repeat","background-position":"center center","background-size":"auto","background-attachment":"scroll","background-type":"","background-media":"","overlay-type":"","overlay-color":"","overlay-opacity":"","overlay-gradient":""},"tablet":{"background-color":"","background-image":"","background-repeat":"repeat","background-position":"center center","background-size":"auto","background-attachment":"scroll","background-type":"","background-media":"","overlay-type":"","overlay-color":"","overlay-opacity":"","overlay-gradient":""},"mobile":{"background-color":"","background-image":"","background-repeat":"repeat","background-position":"center center","background-size":"auto","background-attachment":"scroll","background-type":"","background-media":"","overlay-type":"","overlay-color":"","overlay-opacity":"","overlay-gradient":""}},"ast-content-background-meta":{"desktop":{"background-color":"var(--ast-global-color-5)","background-image":"","background-repeat":"repeat","background-position":"center center","background-size":"auto","background-attachment":"scroll","background-type":"","background-media":"","overlay-type":"","overlay-color":"","overlay-opacity":"","overlay-gradient":""},"tablet":{"background-color":"var(--ast-global-color-5)","background-image":"","background-repeat":"repeat","background-position":"center center","background-size":"auto","background-attachment":"scroll","background-type":"","background-media":"","overlay-type":"","overlay-color":"","overlay-opacity":"","overlay-gradient":""},"mobile":{"background-color":"var(--ast-global-color-5)","background-image":"","background-repeat":"repeat","background-position":"center center","background-size":"auto","background-attachment":"scroll","background-type":"","background-media":"","overlay-type":"","overlay-color":"","overlay-opacity":"","overlay-gradient":""}},"footnotes":""},"class_list":["post-11039","page","type-page","status-publish","hentry"],"acf":[],"yoast_head":"<!-- This site is optimized with the Yoast SEO plugin v26.6 - https:\/\/yoast.com\/wordpress\/plugins\/seo\/ -->\n<title>Terms of Use - La Noix d&#039;\u00c9rable<\/title>\n<meta name=\"robots\" content=\"index, follow, max-snippet:-1, max-image-preview:large, max-video-preview:-1\" \/>\n<link rel=\"canonical\" href=\"https:\/\/www.lanoixderable.com\/en\/terms-of-use\/\" \/>\n<meta property=\"og:locale\" content=\"en_US\" \/>\n<meta property=\"og:type\" content=\"article\" \/>\n<meta property=\"og:title\" content=\"Terms of Use - La Noix d&#039;\u00c9rable\" \/>\n<meta property=\"og:description\" content=\"TERMS OF USE PLEASE READ THESE TERMS AND CONDITIONS BEFORE USING THIS WEBSITE. IF YOU DO NOT ACCEPT THESE TERMS, PLEASE DO NOT USE THIS SITE. General Despite all the attention given by \u00c9rabli\u00e8re Klara Tardif S.E.N.C., hereinafter referred to as La Noix d&#8217;\u00c9rable, when displaying information on this website (&#8220;site&#8221;), La Noix d&#8217;\u00c9rable assumes [&hellip;]\" \/>\n<meta property=\"og:url\" content=\"https:\/\/www.lanoixderable.com\/en\/terms-of-use\/\" \/>\n<meta property=\"og:site_name\" content=\"La Noix d&#039;\u00c9rable\" \/>\n<meta property=\"article:modified_time\" content=\"2025-06-25T11:36:21+00:00\" \/>\n<meta name=\"twitter:card\" content=\"summary_large_image\" \/>\n<meta name=\"twitter:label1\" content=\"Est. reading time\" \/>\n\t<meta name=\"twitter:data1\" content=\"3 minutes\" \/>\n<script type=\"application\/ld+json\" class=\"yoast-schema-graph\">{\"@context\":\"https:\/\/schema.org\",\"@graph\":[{\"@type\":\"WebPage\",\"@id\":\"https:\/\/www.lanoixderable.com\/en\/terms-of-use\/\",\"url\":\"https:\/\/www.lanoixderable.com\/en\/terms-of-use\/\",\"name\":\"Terms of Use - La Noix d&#039;\u00c9rable\",\"isPartOf\":{\"@id\":\"https:\/\/www.lanoixderable.com\/en\/#website\"},\"datePublished\":\"2022-10-26T20:32:49+00:00\",\"dateModified\":\"2025-06-25T11:36:21+00:00\",\"breadcrumb\":{\"@id\":\"https:\/\/www.lanoixderable.com\/en\/terms-of-use\/#breadcrumb\"},\"inLanguage\":\"en-US\",\"potentialAction\":[{\"@type\":\"ReadAction\",\"target\":[\"https:\/\/www.lanoixderable.com\/en\/terms-of-use\/\"]}]},{\"@type\":\"BreadcrumbList\",\"@id\":\"https:\/\/www.lanoixderable.com\/en\/terms-of-use\/#breadcrumb\",\"itemListElement\":[{\"@type\":\"ListItem\",\"position\":1,\"name\":\"Accueil\",\"item\":\"https:\/\/www.lanoixderable.com\/en\/\"},{\"@type\":\"ListItem\",\"position\":2,\"name\":\"Terms of Use\"}]},{\"@type\":\"WebSite\",\"@id\":\"https:\/\/www.lanoixderable.com\/en\/#website\",\"url\":\"https:\/\/www.lanoixderable.com\/en\/\",\"name\":\"La Noix d&#039;\u00c9rable\",\"description\":\"\",\"potentialAction\":[{\"@type\":\"SearchAction\",\"target\":{\"@type\":\"EntryPoint\",\"urlTemplate\":\"https:\/\/www.lanoixderable.com\/en\/?s={search_term_string}\"},\"query-input\":{\"@type\":\"PropertyValueSpecification\",\"valueRequired\":true,\"valueName\":\"search_term_string\"}}],\"inLanguage\":\"en-US\"}]}<\/script>\n<!-- \/ Yoast SEO plugin. -->","yoast_head_json":{"title":"Terms of Use - La Noix d&#039;\u00c9rable","robots":{"index":"index","follow":"follow","max-snippet":"max-snippet:-1","max-image-preview":"max-image-preview:large","max-video-preview":"max-video-preview:-1"},"canonical":"https:\/\/www.lanoixderable.com\/en\/terms-of-use\/","og_locale":"en_US","og_type":"article","og_title":"Terms of Use - La Noix d&#039;\u00c9rable","og_description":"TERMS OF USE PLEASE READ THESE TERMS AND CONDITIONS BEFORE USING THIS WEBSITE. IF YOU DO NOT ACCEPT THESE TERMS, PLEASE DO NOT USE THIS SITE. General Despite all the attention given by \u00c9rabli\u00e8re Klara Tardif S.E.N.C., hereinafter referred to as La Noix d&#8217;\u00c9rable, when displaying information on this website (&#8220;site&#8221;), La Noix d&#8217;\u00c9rable assumes [&hellip;]","og_url":"https:\/\/www.lanoixderable.com\/en\/terms-of-use\/","og_site_name":"La Noix d&#039;\u00c9rable","article_modified_time":"2025-06-25T11:36:21+00:00","twitter_card":"summary_large_image","twitter_misc":{"Est. reading time":"3 minutes"},"schema":{"@context":"https:\/\/schema.org","@graph":[{"@type":"WebPage","@id":"https:\/\/www.lanoixderable.com\/en\/terms-of-use\/","url":"https:\/\/www.lanoixderable.com\/en\/terms-of-use\/","name":"Terms of Use - La Noix d&#039;\u00c9rable","isPartOf":{"@id":"https:\/\/www.lanoixderable.com\/en\/#website"},"datePublished":"2022-10-26T20:32:49+00:00","dateModified":"2025-06-25T11:36:21+00:00","breadcrumb":{"@id":"https:\/\/www.lanoixderable.com\/en\/terms-of-use\/#breadcrumb"},"inLanguage":"en-US","potentialAction":[{"@type":"ReadAction","target":["https:\/\/www.lanoixderable.com\/en\/terms-of-use\/"]}]},{"@type":"BreadcrumbList","@id":"https:\/\/www.lanoixderable.com\/en\/terms-of-use\/#breadcrumb","itemListElement":[{"@type":"ListItem","position":1,"name":"Accueil","item":"https:\/\/www.lanoixderable.com\/en\/"},{"@type":"ListItem","position":2,"name":"Terms of Use"}]},{"@type":"WebSite","@id":"https:\/\/www.lanoixderable.com\/en\/#website","url":"https:\/\/www.lanoixderable.com\/en\/","name":"La Noix d&#039;\u00c9rable","description":"","potentialAction":[{"@type":"SearchAction","target":{"@type":"EntryPoint","urlTemplate":"https:\/\/www.lanoixderable.com\/en\/?s={search_term_string}"},"query-input":{"@type":"PropertyValueSpecification","valueRequired":true,"valueName":"search_term_string"}}],"inLanguage":"en-US"}]}},"_links":{"self":[{"href":"https:\/\/www.lanoixderable.com\/en\/wp-json\/wp\/v2\/pages\/11039","targetHints":{"allow":["GET"]}}],"collection":[{"href":"https:\/\/www.lanoixderable.com\/en\/wp-json\/wp\/v2\/pages"}],"about":[{"href":"https:\/\/www.lanoixderable.com\/en\/wp-json\/wp\/v2\/types\/page"}],"author":[{"embeddable":true,"href":"https:\/\/www.lanoixderable.com\/en\/wp-json\/wp\/v2\/users\/2"}],"replies":[{"embeddable":true,"href":"https:\/\/www.lanoixderable.com\/en\/wp-json\/wp\/v2\/comments?post=11039"}],"version-history":[{"count":0,"href":"https:\/\/www.lanoixderable.com\/en\/wp-json\/wp\/v2\/pages\/11039\/revisions"}],"wp:attachment":[{"href":"https:\/\/www.lanoixderable.com\/en\/wp-json\/wp\/v2\/media?parent=11039"}],"curies":[{"name":"wp","href":"https:\/\/api.w.org\/{rel}","templated":true}]}}